{"id":17165,"date":"2025-11-24T11:50:48","date_gmt":"2025-11-24T11:50:48","guid":{"rendered":"https:\/\/dmperfume.com\/product\/%e2%9c%a8-%d8%b9%d8%b7%d8%b1-%d9%85%d8%b3%d8%aa%d9%88%d8%ad%d9%89-ramon-bejar-intimo-carisma-%e2%9c%a8\/"},"modified":"2025-11-24T11:50:52","modified_gmt":"2025-11-24T11:50:52","slug":"%e2%9c%a8-%d8%b9%d8%b7%d8%b1-%d9%85%d8%b3%d8%aa%d9%88%d8%ad%d9%89-ramon-bejar-intimo-carisma-%e2%9c%a8","status":"publish","type":"product","link":"https:\/\/dmperfume.com\/ar\/product\/%e2%9c%a8-%d8%b9%d8%b7%d8%b1-%d9%85%d8%b3%d8%aa%d9%88%d8%ad%d9%89-ramon-bejar-intimo-carisma-%e2%9c%a8\/","title":{"rendered":"\u2728 \u0639\u0637\u0631 \u0645\u0633\u062a\u0648\u062d\u0649 \u2013 Ram\u00f3n B\u00e9jar \u00cdntimo Carisma \u2728"},"content":{"rendered":"<p><span style=\"font-family: sans-serif;font-size: 16px;font-style: normal;font-weight: 400;letter-spacing: normal;text-align: start;text-indent: 0px;text-transform: none;text-decoration: none;float: none\">A fragrance inspired by a special glass within us<\/span><\/p>\n<p>\u2728 \u0639\u0637\u0631 \u0645\u0633\u062a\u0648\u062d\u0649 \u2013 Ram\u00f3n B\u00e9jar \u00cdntimo Carisma \u2728<\/p>\n<p>\u0641\u062e\u0627\u0645\u0629 \u062a\u064f\u0644\u0627\u0645\u0633 \u0627\u0644\u0625\u062d\u0633\u0627\u0633 \u0648\u062a\u062a\u0631\u0643 \u0628\u0635\u0645\u062a\u0647\u0627 \u0628\u062b\u0642\u0629 \u0648\u0623\u0646\u0627\u0642\u0629 \ud83d\udc9a<\/p>\n<p>\u0627\u0644\u0645\u0643\u0648\u0646\u0627\u062a:<\/p>\n<p>\ud83c\udf3f \u0644\u0645\u0633\u0627\u062a \u0639\u0637\u0631\u064a\u0629 \u0646\u0627\u0639\u0645\u0629 \u0648\u0645\u0646\u0639\u0634\u0629<\/p>\n<p>\ud83c\udf38 \u0646\u0641\u062d\u0627\u062a \u0632\u0647\u0631\u064a\u0629 \u0631\u0627\u0642\u064a\u0629 \u062a\u0632\u064a\u062f \u0645\u0646 \u062c\u0627\u0630\u0628\u064a\u062a\u0643<\/p>\n<p>\ud83c\udf32 \u0642\u0627\u0639\u062f\u0629 \u062f\u0627\u0641\u0626\u0629 \u062a\u0645\u0646\u062d\u0643 \u062d\u0636\u0648\u0631 \u0642\u0648\u064a \u064a\u062f\u0648\u0645<\/p>\n<p>\ud83d\udca7 50 \u0645\u0644<\/p>\n<p>\ud83d\udcb5 \u0627\u0644\u0633\u0639\u0631: 55 \u062f\u0631\u0647\u0645 \u0641\u0642\u0637<\/p>\n<p>\u0639\u0637\u0631 \u064a\u0628\u0631\u0632 \u0634\u062e\u0635\u064a\u062a\u0643\u2026 \u0648\u064a\u062e\u0637\u0641 \u0627\u0644\u0623\u0646\u0638\u0627\u0631 \u0628\u0643\u0644 \u0645\u0631\u0651\u0629<\/p>","protected":false},"excerpt":{"rendered":"<p>A fragrance inspired by a special glass within us \u2728 \u0639\u0637\u0631 \u0645\u0633\u062a\u0648\u062d\u0649 \u2013 Ram\u00f3n B\u00e9jar \u00cdntimo Carisma \u2728 \u0641\u062e\u0627\u0645\u0629 \u062a\u064f\u0644\u0627\u0645\u0633<\/p>","protected":false},"featured_media":17163,"comment_status":"open","ping_status":"closed","template":"","meta":[],"product_brand":[],"product_cat":[70],"product_tag":[],"class_list":{"0":"post-17165","1":"product","2":"type-product","3":"status-publish","4":"has-post-thumbnail","6":"product_cat-inspired-perfumes","8":"first","9":"instock","10":"shipping-taxable","11":"purchasable","12":"product-type-simple"},"jetpack_sharing_enabled":true,"_links":{"self":[{"href":"https:\/\/dmperfume.com\/ar\/wp-json\/wp\/v2\/product\/17165","targetHints":{"allow":["GET"]}}],"collection":[{"href":"https:\/\/dmperfume.com\/ar\/wp-json\/wp\/v2\/product"}],"about":[{"href":"https:\/\/dmperfume.com\/ar\/wp-json\/wp\/v2\/types\/product"}],"replies":[{"embeddable":true,"href":"https:\/\/dmperfume.com\/ar\/wp-json\/wp\/v2\/comments?post=17165"}],"version-history":[{"count":0,"href":"https:\/\/dmperfume.com\/ar\/wp-json\/wp\/v2\/product\/17165\/revisions"}],"wp:featuredmedia":[{"embeddable":true,"href":"https:\/\/dmperfume.com\/ar\/wp-json\/wp\/v2\/media\/17163"}],"wp:attachment":[{"href":"https:\/\/dmperfume.com\/ar\/wp-json\/wp\/v2\/media?parent=17165"}],"wp:term":[{"taxonomy":"product_brand","embeddable":true,"href":"https:\/\/dmperfume.com\/ar\/wp-json\/wp\/v2\/product_brand?post=17165"},{"taxonomy":"product_cat","embeddable":true,"href":"https:\/\/dmperfume.com\/ar\/wp-json\/wp\/v2\/product_cat?post=17165"},{"taxonomy":"product_tag","embeddable":true,"href":"https:\/\/dmperfume.com\/ar\/wp-json\/wp\/v2\/product_tag?post=17165"}],"curies":[{"name":"wp","href":"https:\/\/api.w.org\/{rel}","templated":true}]}}